{"id":2244,"date":"2022-01-24T10:38:18","date_gmt":"2022-01-24T09:38:18","guid":{"rendered":"http:\/\/www.cdhahrsc.gov.mr\/fr\/?page_id=2244"},"modified":"2024-10-07T15:37:16","modified_gmt":"2024-10-07T13:37:16","slug":"mot-du-commissaire","status":"publish","type":"page","link":"https:\/\/www.cdhahrsc.gov.mr\/fr\/mot-du-commissaire\/","title":{"rendered":"Mot du Commissaire"},"content":{"rendered":"\n<p><strong>Chers visiteurs,<\/strong><\/p>\n\n\n\n<p>Le Commissariat aux Droits de l\u2019Homme, \u00e0 l\u2019Action Humanitaire et aux Relations avec la Soci\u00e9t\u00e9 Civile (CDHAHRSC), accorde une importance toute particuli\u00e8re \u00e0 la communication et \u00e0 l\u2019information.<\/p>\n\n\n\n<p>C\u2019est dans ce cadre que le D\u00e9partement a cr\u00e9\u00e9 une Direction d\u00e9di\u00e9e \u00e0 la Communication et a d\u00e9velopp\u00e9 plusieurs supports de communication&nbsp;: pages sur les r\u00e9seaux sociaux (Facebook, Twitter), site internet et dans la m\u00eame lanc\u00e9e, il envisage d\u2019\u00e9laborer et de mettre en \u0153uvre, cette ann\u00e9e, une Strat\u00e9gie de Communication.<\/p>\n\n\n\n<p>A travers cette politique de communication, le CDHAHRSC vise \u00e0 assurer une meilleure visibilit\u00e9 de ses missions de promotion des droits de l\u2019homme, de l\u2019action humanitaire et de la soci\u00e9t\u00e9 civile.<\/p>\n\n\n\n<p>Ainsi, notre site internet, l\u2019un des supports de cette politique de communication, vous informera en permanence sur les missions et activit\u00e9s du D\u00e9partement mais sera \u00e9galement \u00e0 l\u2019\u00e9coute de vos attentes.<\/p>\n\n\n\n<p>En somme, ce site se veut un outil de vulgarisation des politiques nationales en mati\u00e8re des droits de l\u2019homme, de l\u2019action humanitaire et de la soci\u00e9t\u00e9, et de promotion de l\u2019image d\u2019une Mauritanie apais\u00e9e, d\u00e9mocratique, soucieuse du bien-\u00eatre de ses citoyens et respectueuse de ses engagements internationaux.<\/p>\n\n\n\n<p>Le Commissaire aux Droits de l\u2019Homme, \u00e0 l\u2019Action Humanitaire<\/p>\n\n\n\n<p>&nbsp;et aux Relations avec la Soci\u00e9t\u00e9 Civile<\/p>\n\n\n\n<p><strong>Sid Ahmed Ely Benane<\/strong><\/p>\n","protected":false},"excerpt":{"rendered":"<p>Chers visiteurs, Le Commissariat aux Droits de l\u2019Homme, \u00e0 l\u2019Action Humanitaire et aux Relations avec&hellip;<\/p>\n","protected":false},"author":1,"featured_media":3360,"parent":0,"menu_order":0,"comment_status":"closed","ping_status":"closed","template":"","meta":[],"_links":{"self":[{"href":"https:\/\/www.cdhahrsc.gov.mr\/fr\/wp-json\/wp\/v2\/pages\/2244"}],"collection":[{"href":"https:\/\/www.cdhahrsc.gov.mr\/fr\/wp-json\/wp\/v2\/pages"}],"about":[{"href":"https:\/\/www.cdhahrsc.gov.mr\/fr\/wp-json\/wp\/v2\/types\/page"}],"author":[{"embeddable":true,"href":"https:\/\/www.cdhahrsc.gov.mr\/fr\/wp-json\/wp\/v2\/users\/1"}],"replies":[{"embeddable":true,"href":"https:\/\/www.cdhahrsc.gov.mr\/fr\/wp-json\/wp\/v2\/comments?post=2244"}],"version-history":[{"count":2,"href":"https:\/\/www.cdhahrsc.gov.mr\/fr\/wp-json\/wp\/v2\/pages\/2244\/revisions"}],"predecessor-version":[{"id":3354,"href":"https:\/\/www.cdhahrsc.gov.mr\/fr\/wp-json\/wp\/v2\/pages\/2244\/revisions\/3354"}],"wp:featuredmedia":[{"embeddable":true,"href":"https:\/\/www.cdhahrsc.gov.mr\/fr\/wp-json\/wp\/v2\/media\/3360"}],"wp:attachment":[{"href":"https:\/\/www.cdhahrsc.gov.mr\/fr\/wp-json\/wp\/v2\/media?parent=2244"}],"curies":[{"name":"wp","href":"https:\/\/api.w.org\/{rel}","templated":true}]}}