{"id":1883,"date":"2021-07-03T21:46:48","date_gmt":"2021-07-03T19:46:48","guid":{"rendered":"http:\/\/www.cdhahrsc.gov.mr\/fr\/?page_id=1883"},"modified":"2024-10-23T19:20:06","modified_gmt":"2024-10-23T17:20:06","slug":"commissaire-aux-droits-de-lhomme-a-laction-humanitaire-et-aux-relations-avec-la-societe-civile","status":"publish","type":"page","link":"https:\/\/www.cdhahrsc.gov.mr\/fr\/commissaire-aux-droits-de-lhomme-a-laction-humanitaire-et-aux-relations-avec-la-societe-civile\/","title":{"rendered":"Commissaire aux Droits de l&rsquo;homme, \u00e0 l&rsquo;Action Humanitaire et aux Relations avec la Soci\u00e9t\u00e9 Civile"},"content":{"rendered":"\n<p><strong>SEM SID AHMED ELY BENANE<\/strong><\/p>\n\n\n\n<p><\/p>\n","protected":false},"excerpt":{"rendered":"<p>SEM SID AHMED ELY BENANE<\/p>\n","protected":false},"author":1,"featured_media":3386,"parent":0,"menu_order":0,"comment_status":"closed","ping_status":"closed","template":"","meta":[],"_links":{"self":[{"href":"https:\/\/www.cdhahrsc.gov.mr\/fr\/wp-json\/wp\/v2\/pages\/1883"}],"collection":[{"href":"https:\/\/www.cdhahrsc.gov.mr\/fr\/wp-json\/wp\/v2\/pages"}],"about":[{"href":"https:\/\/www.cdhahrsc.gov.mr\/fr\/wp-json\/wp\/v2\/types\/page"}],"author":[{"embeddable":true,"href":"https:\/\/www.cdhahrsc.gov.mr\/fr\/wp-json\/wp\/v2\/users\/1"}],"replies":[{"embeddable":true,"href":"https:\/\/www.cdhahrsc.gov.mr\/fr\/wp-json\/wp\/v2\/comments?post=1883"}],"version-history":[{"count":5,"href":"https:\/\/www.cdhahrsc.gov.mr\/fr\/wp-json\/wp\/v2\/pages\/1883\/revisions"}],"predecessor-version":[{"id":3315,"href":"https:\/\/www.cdhahrsc.gov.mr\/fr\/wp-json\/wp\/v2\/pages\/1883\/revisions\/3315"}],"wp:featuredmedia":[{"embeddable":true,"href":"https:\/\/www.cdhahrsc.gov.mr\/fr\/wp-json\/wp\/v2\/media\/3386"}],"wp:attachment":[{"href":"https:\/\/www.cdhahrsc.gov.mr\/fr\/wp-json\/wp\/v2\/media?parent=1883"}],"curies":[{"name":"wp","href":"https:\/\/api.w.org\/{rel}","templated":true}]}}